{"id":644,"date":"2026-02-09T12:26:28","date_gmt":"2026-02-09T11:26:28","guid":{"rendered":"http:\/\/www.hoteltrepini.com\/?page_id=644"},"modified":"2026-02-09T15:48:10","modified_gmt":"2026-02-09T14:48:10","slug":"listino","status":"publish","type":"page","link":"https:\/\/www.hoteltrepini.com\/fr\/listino\/","title":{"rendered":"Tarifs et traitements"},"content":{"rendered":"<div class=\"spacer\"><\/div>\n\n<section class=\"wao-blocks-container container-fluid mb-2\"\n\t\t>\n    \n<div class=\"wao-blocks-row row\" >\n    \n\n<div class=\"col-12 col-md-12\"\n     \n\t \n\t>\n        \n<div class=\"p-lg-5 p-4 \">\n<div class=\"mx-auto max-w-1024px text-center\">\n\n\n<div class=\"breadcrumb-block mb-4\"\n    >\n    <div class=\"font-weight-bold small text-secondary\">\n        <a href=\"https:\/\/www.hoteltrepini.com\/fr\" rel=\"nofollow\" title=\"Home\">Home &gt;<\/a>\n        Listino e trattamenti    <\/div>\n<\/div>\n\n\n<h1 class=\"wp-block-heading has-text-align-center mb-0\">Vacanze per tutte le esigenze<\/h1>\n\n\n\n<h2 class=\"wp-block-heading has-text-align-center text-dancing text-tertiary mb-4\">Trasparenza e convenienza<\/h2>\n\n\n\n<p class=\"has-text-align-center\">All\u2019Hotel Tre Pini trovi<strong> tariffe chiare e convenienti<\/strong>, pensate per offrirti una vacanza a Bellaria Igea Marina con un<strong> ottimo rapporto qualit\u00e0\/prezzo<\/strong>. <\/p>\n\n\n<\/div>\n\n<\/div>\n    <\/div>\n<\/div>\n<\/section>\n\n<section class=\"wao-blocks-container container-fluid mb-0 g--bkg-light-02\"\n\t\t>\n    \n<div class=\"wao-blocks-row row\" >\n    \n\n<div class=\"col-12 col-md-12 p-lg-5 p-4\"\n     \n\t \n\t>\n        \n<div class=\"max-w-1024px mx-auto\">\n\n\n<p>Riserviamo condizioni vantaggiose alle famiglie, con riduzioni dedicate ai bambini in camera con due adulti, agevolazioni per il terzo letto e il pratico Piano Famiglia 2+2=3, che consente a due adulti e due bambini fino a 13 anni di pagare solo tre quote. Il soggiorno \u00e8 gratuito per un bambino fino a 2 anni per camera, mentre per chi viaggia da solo \u00e8 disponibile la camera singola con supplemento. <strong>Soluzioni flessibili e trasparenti <\/strong>per organizzare la tua vacanza in totale serenit\u00e0.<\/p>\n\n\n\n\n<style>\n\t.nav-link{\n\t\tborder-radius: 0px 15px 0px 0px !important;\t}\n\t.nav-tabs .nav-item.show .nav-link, .nav-tabs .nav-link.active{\n\t\tborder-radius: 0px 15px 0px 0px !important;\t}\n<\/style>\n\t<div class=\"wao-blocks-listino-v1\" data-cof=\"true\" data-cof-rule=\"\">\n\t\t<div class=\"d-none\" data-vertical-space=\"10\" style=\"z-index: 999;\">\n\t\t\t\t\t\t\t<ul class=\"nav nav-tabs d-flex justify-content-start\" id=\"myTab\" role=\"tablist\">\n\t\t\t\t\t\t\t\t\t\t\t<li class=\"nav-item \">\n\t\t\t\t\t\t\t\t<a class=\"nav-link active btn btn-primary\" id=\"Tarif-tab\" data-toggle=\"tab\" href=\"#Tarif\" role=\"tab\" aria-controls=\"Tarif\" aria-selected=\"true\" title=\"Tarif\">\n\t\t\t\t\t\t\t\t\tTarif\t\t\t\t\t\t\t\t<\/a>\n\t\t\t\t\t\t\t<\/li>\n\t\t\t\t\t\t\t <\/ul>\n\t\t\t\t\t<\/div> \n\t\t<div class=\"tab-content \">\n\t\t\t\t\t\t\t<div class=\"tab-pane fade active show\" id=\"Tarif\" role=\"tabpanel\" aria-labelledby=\"Tarif-tab\">\n\t\t\t\t\t\t <h4 class=\"text-center py-1\"> 2026 Listino prezzi <\/h4>\t\t\t\t\t\t\t\t\t\t\t\t\t\t<div class=\"py-3\">\n\t\t\t\t\t\t\t\t\t\t\t\t\t\t\t\t\t<h3 class=\"\">Note listino <\/h3>\t\n\t\t\t\t\t\t\t\t\t\t\t\t\t\t\t\t\t\t\t\t\t\t\t\t\t\t\t<div class=\"text-primary mb-1\">\n\t\t\t\t\t\t\t\t\t\t\t<p>Les prix sont par personne et par jour (pour un s\u00e9jour minimum de 3 jours), en<\/p><p><br><\/p><p>chambre double La pension compl\u00e8te comprend le petit-d\u00e9jeuner buffet, 2 repas avec menus<\/p><p><br><\/p><p>choix de l\u00e9gumes, de logement et de TVA. Les boissons aux repas ne sont pas incluses.<\/p><p><br><\/p><p>Parking, Wi-Fi et les v\u00e9los sont gratuits. Vous ne payez pas la taxe de s\u00e9jour \u00e0 Bellaria!<\/p><p><br><\/p><p>Remises sp\u00e9ciales !! (si vous s\u00e9journez dans une chambre avec 2 adultes)<\/p><p><br><\/p><p>Un enfant GRATUIT jusqu'\u00e0 3 ans (50% du 03 au 25 ao\u00fbt)<\/p><p><br><\/p><p>-50% de r\u00e9duction de 4 ans \u00e0 9 ans<\/p><p><br><\/p><p>-30% de r\u00e9duction de 10 \u00e0 13 ans<\/p><p><br><\/p><p>-20% de r\u00e9duction de 14 ans \u00e0 17 ans<\/p><p><br><\/p><p>-10% de r\u00e9duction pour les adultes du 3\u00e8me au 4\u00e8me lit<\/p><p><br><\/p><p>Plan famille (si vous s\u00e9journez dans une chambre avec 2 adultes)<\/p><p><br><\/p><p>-50% de r\u00e9duction pour 2 enfants jusqu'\u00e0 13 ans<\/p><p><br><\/p><p>-30% de r\u00e9duction pour 2 enfants de 14 \u00e0 17 ans<\/p><p><br><\/p><p>-20% de r\u00e9duction pour 2 enfants adultes<\/p><p><br><\/p><p>Suppl\u00e9ment chambre individuelle: 10%<\/p>\t\t\t\t\t\t\t\t\t\t<\/div>\n\t\t\t\t\t\t\t\t\t\t\n\t\t\t\t\t\t\t<\/div>\n\t\t\t\t\t\t\t\t\t\t<\/div> \t\t<\/div>\n\t<\/div>\n\n<\/div>\n    <\/div>\n<\/div>\n<\/section>\n\n<section class=\"wao-blocks-container container-fluid mb-0 g--bkg-light-01 \"\n\t\t>\n    \n<div class=\"wao-blocks-row row\" >\n    \n\n<div class=\"col-12 col-md-6 sf-pineta p-lg-5 p-md-4 p-0\"\n     \n\t \n\t>\n        \n<div class=\"g--bkg-light-04 pt-5 shadow\">\n<div class=\"px-4\">\n\n\n<h2 class=\"wp-block-heading has-text-align-center mb-4\">Dicono di noi<\/h2>\n\n\n<\/div>\n<div class=\"d-flex align-items-center justify-content-center px-4\">\n<div class=\"flex-fill\"><hr class=\"max-w-200px g--b-c-02\"><\/div>\n<div class=\"p-3 js--hideme\" data-anim=\"rotateIn\"><picture><img decoding=\"async\" src=\"http:\/\/www.hoteltrepini.com\/wp-content\/uploads\/2026\/02\/ico-tripadvisor.png\" class=\"img-fluid\" alt=\"Ico tripadvisor\"><\/picture><\/div>\n<div  class=\"flex-fill\"><hr class=\"max-w-200px g--b-c-02\"><\/div>\n<\/div>\n\n\n<div id=\"innerblocks-slider-parent1\" data-wrapAround='true' data-cellAlign=\"right\" data-bgLazyLoad=\"1\" data-freeScroll=\"false\" data-autoPlay=\"5000\" data-pauseAutoPlayOnHover =\"true\" data-prevNextButtons=\"false\" data-contain=\"true\" data-pageDots=\"true\" data-draggable=\"true\"  class=\"wrap-desktop js--flickity wao-blocks-slider dot-recensioni innerblocks-slider-parent-83867\"  style=\"margin-bottom: 35px\">\n            <div class=\"col-12 col-md-12 col-lg-12 p-0\" style=\"height:300px\">\n            \n    <div \n        class='innerblocks-slider-child wao-blocks-innerblocks-slider-child' \n        >\n        \n<div class=\"p-4 max-w-624px mx-auto\">\n\n\n<p class=\"has-text-align-center\">\u201cGran belle vacanze non andateci se siete a dieta si mangia molto bene e tanto giuseppe e il suo staff sono eccellenti il mare a 50 metri una veranda mega servizi ok biancheria e lenzuola cambiate tutti i giorni e non \u00e8 da tutti prezzi molto bassialle tasche di tutti e x chi parla male stia a casa propia che \u00e8 meglio\u201c<\/p>\n\n\n\n<p class=\"has-text-align-center display-2 text-dancing text-tertiary my-4\">Gigi<\/p>\n\n\n<\/div>\n    <\/div>\n    <style>\n        @media screen and (max-width: 992px) {\n            .innerblocks-slider-child {\n                margin: auto !important;\n            }\n        }\n    <\/style>\n  \n\n        <\/div>\n            <div class=\"col-12 col-md-12 col-lg-12 p-0\" style=\"height:300px\">\n            \n    <div \n        class='innerblocks-slider-child wao-blocks-innerblocks-slider-child' \n        >\n        \n<div class=\"p-4 max-w-624px mx-auto\">\n\n\n<p class=\"has-text-align-center\">\u201cNon ci sono parole per descrivere il tre pini Giuseppe persona con valori inestimabili staff il top ormai io e mia moglie ci sentiamo in famiglia lo considero a tutti un abbraccio\u201c<\/p>\n\n\n\n<p class=\"has-text-align-center display-2 text-dancing text-tertiary my-4\">Stefano G<\/p>\n\n\n<\/div>\n    <\/div>\n    <style>\n        @media screen and (max-width: 992px) {\n            .innerblocks-slider-child {\n                margin: auto !important;\n            }\n        }\n    <\/style>\n  \n\n        <\/div>\n            <div class=\"col-12 col-md-12 col-lg-12 p-0\" style=\"height:300px\">\n            \n    <div \n        class='innerblocks-slider-child wao-blocks-innerblocks-slider-child' \n        >\n        \n<div class=\"p-4 max-w-624px mx-auto\">\n\n\n<p class=\"has-text-align-center\">\u201cIo mi sono trovata molto bene a soggiornare all hotel tre Pini titolare generoso e non ti fa mancare nulla trova sempre le soluzioni per aiutarti Pulizia perfetta mai visto cos\u00ec pulito e buon odore all entrata della Stanza. Cibo ottimo. Personale gentilissimo. Ritorner\u00f2 saluti\u201c<\/p>\n\n\n\n<p class=\"has-text-align-center display-2 text-dancing text-tertiary my-4\">Daniela R<\/p>\n\n\n<\/div>\n    <\/div>\n    <style>\n        @media screen and (max-width: 992px) {\n            .innerblocks-slider-child {\n                margin: auto !important;\n            }\n        }\n    <\/style>\n  \n        <\/div>\n    <\/div>\n<div id=\"innerblocks-slider-parent2\"  data-wrapAround='true' data-cellAlign=\"right\" data-bgLazyLoad=\"1\" data-freeScroll=\"false\" data-autoPlay=\"5000\" data-pauseAutoPlayOnHover =\"true\" data-prevNextButtons=\"false\" data-contain=\"true\" data-pageDots=\"true\" data-draggable=\"true\" class=\"wrap-mobile js--flickity wao-blocks-slider dot-recensioni innerblocks-slider-parent-83867\"  style=\"margin-bottom: 35px\">\n            <div class=\"col-12 col-md-12 col-lg-12 p-0\" style=\"height:300px\">\n            \n    <div \n        class='innerblocks-slider-child wao-blocks-innerblocks-slider-child' \n        >\n        \n<div class=\"p-4 max-w-624px mx-auto\">\n\n\n<p class=\"has-text-align-center\">\u201cGran belle vacanze non andateci se siete a dieta si mangia molto bene e tanto giuseppe e il suo staff sono eccellenti il mare a 50 metri una veranda mega servizi ok biancheria e lenzuola cambiate tutti i giorni e non \u00e8 da tutti prezzi molto bassialle tasche di tutti e x chi parla male stia a casa propia che \u00e8 meglio\u201c<\/p>\n\n\n\n<p class=\"has-text-align-center display-2 text-dancing text-tertiary my-4\">Gigi<\/p>\n\n\n<\/div>\n    <\/div>\n    <style>\n        @media screen and (max-width: 992px) {\n            .innerblocks-slider-child {\n                margin: auto !important;\n            }\n        }\n    <\/style>\n  \n\n        <\/div>\n            <div class=\"col-12 col-md-12 col-lg-12 p-0\" style=\"height:300px\">\n            \n    <div \n        class='innerblocks-slider-child wao-blocks-innerblocks-slider-child' \n        >\n        \n<div class=\"p-4 max-w-624px mx-auto\">\n\n\n<p class=\"has-text-align-center\">\u201cNon ci sono parole per descrivere il tre pini Giuseppe persona con valori inestimabili staff il top ormai io e mia moglie ci sentiamo in famiglia lo considero a tutti un abbraccio\u201c<\/p>\n\n\n\n<p class=\"has-text-align-center display-2 text-dancing text-tertiary my-4\">Stefano G<\/p>\n\n\n<\/div>\n    <\/div>\n    <style>\n        @media screen and (max-width: 992px) {\n            .innerblocks-slider-child {\n                margin: auto !important;\n            }\n        }\n    <\/style>\n  \n\n        <\/div>\n            <div class=\"col-12 col-md-12 col-lg-12 p-0\" style=\"height:300px\">\n            \n    <div \n        class='innerblocks-slider-child wao-blocks-innerblocks-slider-child' \n        >\n        \n<div class=\"p-4 max-w-624px mx-auto\">\n\n\n<p class=\"has-text-align-center\">\u201cIo mi sono trovata molto bene a soggiornare all hotel tre Pini titolare generoso e non ti fa mancare nulla trova sempre le soluzioni per aiutarti Pulizia perfetta mai visto cos\u00ec pulito e buon odore all entrata della Stanza. Cibo ottimo. Personale gentilissimo. Ritorner\u00f2 saluti\u201c<\/p>\n\n\n\n<p class=\"has-text-align-center display-2 text-dancing text-tertiary my-4\">Daniela R<\/p>\n\n\n<\/div>\n    <\/div>\n    <style>\n        @media screen and (max-width: 992px) {\n            .innerblocks-slider-child {\n                margin: auto !important;\n            }\n        }\n    <\/style>\n  \n        <\/div>\n    <\/div>\n\n<div class=\"g--bkg-light-01 p-3\"><\/div>\n<\/div>\n    <\/div>\n\n\n<div class=\"col-12 col-md-6 sf-pallini-white d-flex align-items-center justify-content-center\"\n     \n\t \n\t>\n        \n<div class=\"p-4 max-w-538px\">\n\n\n<h2 class=\"wp-block-heading has-text-align-left mb-4\">Domande frequenti<\/h2>\n\n\n\n<p>Una piccola guida per organizzare al meglio le vostre vacanze nel nostro hotel a Bellaria Igea Marina<\/p>\n\n\n<div class=\"my-4\"><a href=\"https:\/\/www.hoteltrepini.com\/fr\/faq\/\" class=\"btn btn-primary text-uppercase rounded-0 px-4\" title=\"Vai alla pagina faq\">Scopri<\/a><\/div>\n<\/div>\n    <\/div>\n<\/div>\n<\/section>\n\n<section class=\"wao-blocks-container container-fluid mb-0 g--bkg-light-02\"\n\t\t>\n    \n<div class=\"wao-blocks-row row\" >\n    \n\n<div class=\"col-12 col-md-12\"\n     \n\t \n\t>\n        \n<div class=\"p-lg-5 p-4 mx-auto max-w-1400px\">\n\n\n<h2 class=\"wp-block-heading mb-0\">Newsletter<\/h2>\n\n\n\n<p class=\"display-2 text-dancing text-tertiary mb-4\">Per ricevere tutte le novit\u00e0<\/p>\n\n\n<script src=\"https:\/\/www.google.com\/recaptcha\/enterprise.js?render=6LdKs-6Lc3xMIcAAAAAO2K3CkgGUYb6BcsBOk289jP7NUP\"><\/script>\n<div class=\"wao-blocks-newsletter-v2\">\n    \n<!--IMPORTANTE non cambiare il nome degli id, dei name, dei title, e la classe privacy link-privacy-policy -->\n<div class=\"l--box-newsletter\">\n\t<form id=\"iscrizione_newsletter\" class=\"custom\" autocomplete=\"OFF\" method=\"post\" name=\"iscrizione_newsletter\">\n\t\t<fieldset>\n\t\t\t<div class=\"form-group row\">\n\t\t\t\t<div class=\"col-12 col-lg-3 px-2 mb-2\">\n\t\t\t\t\t<input id=\"news_nome\" class=\"form-control text-primary rounded-0\" name=\"nome\" type=\"text\" placeholder=\"Nome*\">\n\t\t\t\t<\/div>\n\t\t\t\t<div class=\"col-12 col-lg-3 px-2 mb-2\">\n\t\t\t\t\t<input id=\"news_email\" class=\"form-control text-primary rounded-0\" name=\"email\" type=\"text\" value=\"\" placeholder=\"Email*\">\n\t\t\t\t<\/div>\n\t\t\t\t<div class=\"col-12 col-lg-3 px-2 mb-2 d-flex align-items-center justify-content-center\" id=\"newsletter\" >\n\t\t\t\t\t<input id=\"news_privacy\" style=\"width: 30px; height: 30px;\" name=\"news_privacy\" type=\"checkbox\" value=\"on\">\n\t\t\t\t\t<label class=\"link-privacy-newsletter\" for=\"news_privacy\">\n\t\t\t\t\t\t<a class=\"privacy link-privacy-policy\" style=\"cursor: pointer;\" title=\"privacy\"><span class=\"small mx-2\"><i class=\"fas fa-asterisk\"><\/i><\/span> Accetto privacy<\/a>\n\t\t\t\t\t<\/label>\n\t\t\t\t<\/div>\n\t\t\t\t<div class=\"col-12 col-lg-3 px-2 mb-2\">\n\t\t\t\t\t<button id=\"iscrizioneNewsletter\" class=\"btn btn-primary\" style=\"padding: 0.3rem 0.8rem !important; width: 100%; border-radius: 0; border: 2px solid;\" type=\"submit\">\n\t\t\t\t\t\tIscriviti\n\t\t\t\t\t<\/button>\n\t\t\t\t\t<input name=\"dominio\" type=\"hidden\" value=\"https:\/\/www.hoteltrepini.com\/fr\/\">\n\t\t\t\t\t<input name=\"idHotel\" type=\"hidden\" value=\"\">\n\t\t\t\t\t<input name=\"lingua\" type=\"hidden\" value=\"it\">\n\t\t\t\t<\/div>\n\t\t\t<\/div>\n\t\t<\/fieldset>\n\t<\/form>\n<\/div>\n<div id=\"divAlert\" class=\"h-50 w-50 m-auto alert-info d-none\" style=\"position: fixed; top: 10px; left: 10px; right: 10px; bottom: 10px; z-index: 2000; overflow: auto;\">\n\t<div class=\"text-right\">\n\t\t<a class=\"btn btn-primary btn_chiudi\" href=\"javascript:void(0)\" onclick=\"location.reload(true);\">\n\t\t\t<i class=\"fa fa-times\" aria-hidden=\"true\"><\/i>\n\t\t<\/a>\n\t<\/div>\n\t<div class=\"text-center alert-info l--align-middle-vertical\" style=\"height: calc(100% - 50px);\">\n\t\t<div class=\"logo\"><\/div>\n\t\t<div class=\"text-center h-50 w-50\"><i class=\"fa fa-paper-plane\" aria-hidden=\"true\"><\/i>\n\t\t\t<h4>iscrizione alla newsletter completata con successo<\/h4>\n\t\t<\/div>\n\t<\/div>\n<\/div>\n<\/div>\n\n<\/div>\n    <\/div>\n<\/div>\n<\/section>\n\n<section class=\"wao-blocks-container container-fluid mb-0 g--bkg-light-01\"\n\t\t>\n    \n<div class=\"wao-blocks-row row\" >\n    \n\n<div class=\"col-12 col-md-6 d-flex align-items-center justify-content-center\"\n     \n\t \n\t>\n        \n<div class=\"p-lg-5 p-4\">\n\n\n<h2 class=\"wp-block-heading mb-0\">Dove siamo<\/h2>\n\n\n\n<p class=\"display-2 text-dancing text-tertiary mb-4\">A pochi passi dal mare<\/p>\n\n\n<div class=\"\"><a href=\"https:\/\/www.hoteltrepini.com\/fr\/dove-siamo\/\" class=\"btn btn-primary rounded-0 px-4 text-uppercase\" title=\"Scopri dove siamo\">Scopri<\/a><\/div>\n<\/div>\n    <\/div>\n\n\n<div class=\"col-12 col-md-6 p-0\"\n     \n\t \n\t>\n        \n<iframe class=\"js--lazy-load g-mappa\" data-src=\"https:\/\/www.google.com\/maps\/embed?pb=!1m18!1m12!1m3!1d56791.20813340108!2d12.449153053304636!3d44.15004450896587!2m3!1f0!2f0!3f0!3m2!1i1024!2i768!4f13.1!3m3!1m2!1s0x132cc7ea9d3ac545%3A0x88ce7fcd7bc54339!2sHotel%20Tre%20Pini!5e0!3m2!1sit!2sit!4v1770386927071!5m2!1sit!2sit\" width=\"100%\" height=\"330\" allowfullscreen=\"\" loading=\"lazy\" referrerpolicy=\"no-referrer-when-downgrade\"><\/iframe>\n    <\/div>\n<\/div>\n<\/section>\n\n<section class=\"wao-blocks-container container-fluid mb-2\"\n\t\t>\n    \n<div class=\"wao-blocks-row row g--bkg-light-02\" >\n    \n\n<div class=\"col-12 col-lg-4 sf-pallini d-flex align-items-center justify-content-center\"\n     \n\t \n\t>\n        \n<div class=\"p-lg-4 p-3\">\n\n\n<h2 class=\"wp-block-heading has-text-align-center mb-4\">Punti forza<\/h2>\n\n\n<div class=\"d-flex justify-content-center text-center\">\n<div class=\"px-2\">\n<div class=\"js--hideme\" data-anim=\"fadeInLeft\"><picture><img decoding=\"async\" src=\"http:\/\/www.hoteltrepini.com\/wp-content\/uploads\/2026\/02\/ico-gestione.png\" class=\"img-fluid\" alt=\"Ico gestione storica\"><\/picture>\n<div class=\"h3 text-dancing text-secondary mb-4\">Gestione<br>Storica<\/div>\n<\/div>\n<div class=\"js--hideme\" data-anim=\"fadeInUp\"><picture><img decoding=\"async\" src=\"http:\/\/www.hoteltrepini.com\/wp-content\/uploads\/2026\/02\/ico-qualita.png\" class=\"img-fluid\" alt=\"ico qualit\u00e0 prezzo\"><\/picture>\n<div class=\"h3 text-dancing text-secondary mb-4\">Qualit\u00e0<br>Prezzo<\/div>\n<\/div>\n<\/div>\n<div class=\"px-2 pt-5\">\n<div class=\"mt-4 js--hideme\" data-anim=\"fadeInDown\"><picture><img decoding=\"async\" src=\"http:\/\/www.hoteltrepini.com\/wp-content\/uploads\/2026\/02\/ico-cucina.png\" class=\"img-fluid\" alt=\"ico cucina romagnola\"><\/picture>\n<div class=\"h3 text-dancing text-secondary mb-4\">Cucina<br>Romagnola<\/div>\n<\/div>\n<div  class=\"js--hideme\" data-anim=\"fadeInRight\"><picture><img decoding=\"async\" src=\"http:\/\/www.hoteltrepini.com\/wp-content\/uploads\/2026\/02\/ico-posizione.png\" class=\"img-fluid\" alt=\"ico ottima posizione\"><\/picture>\n<div class=\"h3 text-dancing text-secondary mb-4\">Ottima<br>Posizione<\/div>\n<\/div>\n<\/div>\n<\/div>\n\n<\/div>\n    <\/div>\n\n\n<div class=\"col-12 col-lg-8 p-0 g--bkg-dark-01\"\n     \n\t \n\t>\n        \n<div class=\"p-lg-5 p-4\">\n\n\n<h2 class=\"wp-block-heading has-text-align-center mb-4\">Richiedi un preventivo<\/h2>\n\n\n\n<div class=\"merida_root\" id=\"merida_block\"><\/div>\n\n<script>\nvar merida_config_merida_block = {\n    customerId: 2911 ,\n    showSuccessModal : true,\n    rootEl: \"merida_block\",\n    childrenAgeMax: 16,\n    childrenAgeMin: 0,\n    layout: \"compact\",\n    language: \"fr\",\n                theme : {\n        colors: {\n            primary: '#f8af0a',\n            primaryTextAlt: '#ffffff',\n            secondary: '#4d887c',\n            secondaryTextAlt: '#ffffff',\n            text: '#3e464c',\n            error: '#cc0033',\n            formBackground: '#8ac6c9',\n            label: '#4d4d4d',\n            labelInput: '#4d887c',\n            labelInputActive: '#7ebd6d',\n            inputBackground: '#ffffff',\n            inputBorder: '#eeeeee',\n            checkboxBorder: '#ffffff',\n        }\n    },\n    onSuccess : function(res) {\n        \n                        if (typeof(ga) !== 'undefined') {\n                   ga('send', 'event', 'Email', 'Invio', 'Form');\n                }\n                    }\n};\n\n(function(url, cb) {\n    var s = document.createElement(\"script\");\n    s.type = \"text\/javascript\";\n\n    if (s.readyState) { \/\/IE\n        s.onreadystatechange = function() {\n            if (s.readyState == \"loaded\" || s.readyState == \"complete\") {\n                s.onreadystatechange = null;\n                cb();\n            }\n        };\n    } else { \/\/Others\n        s.onload = function() {\n            cb();\n        };\n    }\n\n    s.src = url;\n    document.getElementsByTagName(\"head\")[0].appendChild(s);\n})(\"https:\/\/static.adriasonline.it\/merida\/latest\/merida.js\", function() {\n    window.aoForm = merida(merida_config_merida_block);\n});\n<\/script>\n\n<\/div>\n    <\/div>\n<\/div>\n<\/section>","protected":false},"excerpt":{"rendered":"","protected":false},"author":1,"featured_media":0,"parent":0,"menu_order":0,"comment_status":"closed","ping_status":"closed","template":"","meta":{"footnotes":""},"class_list":["post-644","page","type-page","status-publish","hentry"],"_links":{"self":[{"href":"https:\/\/www.hoteltrepini.com\/fr\/wp-json\/wp\/v2\/pages\/644","targetHints":{"allow":["GET"]}}],"collection":[{"href":"https:\/\/www.hoteltrepini.com\/fr\/wp-json\/wp\/v2\/pages"}],"about":[{"href":"https:\/\/www.hoteltrepini.com\/fr\/wp-json\/wp\/v2\/types\/page"}],"author":[{"embeddable":true,"href":"https:\/\/www.hoteltrepini.com\/fr\/wp-json\/wp\/v2\/users\/1"}],"replies":[{"embeddable":true,"href":"https:\/\/www.hoteltrepini.com\/fr\/wp-json\/wp\/v2\/comments?post=644"}],"version-history":[{"count":7,"href":"https:\/\/www.hoteltrepini.com\/fr\/wp-json\/wp\/v2\/pages\/644\/revisions"}],"predecessor-version":[{"id":781,"href":"https:\/\/www.hoteltrepini.com\/fr\/wp-json\/wp\/v2\/pages\/644\/revisions\/781"}],"wp:attachment":[{"href":"https:\/\/www.hoteltrepini.com\/fr\/wp-json\/wp\/v2\/media?parent=644"}],"curies":[{"name":"wp","href":"https:\/\/api.w.org\/{rel}","templated":true}]}}